{"id":21943,"date":"2025-12-29T15:12:26","date_gmt":"2025-12-29T14:12:26","guid":{"rendered":"https:\/\/www.osprey.fr\/produit\/the-van-cleef-arpels-collection-tome-1-english-version\/"},"modified":"2025-12-29T16:25:47","modified_gmt":"2025-12-29T15:25:47","slug":"the-van-cleef-arpels-collection-tome-1-english-version","status":"publish","type":"product","link":"https:\/\/www.osprey.fr\/en\/produit\/the-van-cleef-arpels-collection-tome-1-english-version\/","title":{"rendered":"THE VAN CLEEF &amp; ARPELS COLLECTION &#8211; TOME 1 (English Version)"},"content":{"rendered":"<p>This book, the first volume of the catalogue raisonn\u00e9 of the Van Cleef &amp; Arpels Collection, traces the beginnings of the collection, from 1906 to 1953, highlighting nearly 700 pieces of jewellery created during this period. With an emphasis on images, it presents the heritage collection in all its diversity: pieces of haute joaillerie, jewellery, watches, as well as accessories and art pieces. Detailed notes accompany certain emblematic pieces, highlighting the collection&#8217;s place in the historical, cultural and artistic context of the first part of the 20th century. A corpus of scientific texts, written by art historians and the heads of the Van Cleef &amp; Arpels Heritage Department, evoke the creative process, the major themes dear to the House &#8211; flora, transformability, etc. &#8211; and the artistic currents that shaped the collection. -and the artistic currents at work during this period. Livre d\u2019art, d\u2019histoire culturelle, mais aussi ouvrage de r\u00e9f\u00e9rence du monde de la joaillerie, ce catalogue raisonn\u00e9 revisite les codes du genre par ses lectures plurielles, son approche tant visuelle que didactique et son graphisme con\u00e7u comme un \u00e9crin de la Collection Van Cleef &amp; Arpels. It cements the collection in the great history of the arts. <\/p>\n","protected":false},"excerpt":{"rendered":"<p>THE VAN CLEEF &amp; ARPELS COLLECTION &#8211; TOME 1 (version anglaise), This book, the first volume of the catalogue raisonn\u00e9 of the Van Cleef &amp; Arpels Collection, traces the beginnings of the collection, from 1906 to 1953, highlighting nearly 700 pieces of jewellery created during this period.<\/p>\n","protected":false},"featured_media":21940,"template":"","meta":[],"product_brand":[],"product_cat":[473],"product_tag":[],"class_list":{"0":"post-21943","1":"product","2":"type-product","3":"status-publish","4":"has-post-thumbnail","6":"product_cat-books-books","8":"first","9":"instock","10":"sold-individually","11":"shipping-taxable","12":"purchasable","13":"product-type-simple"},"yoast_head":"<!-- This site is optimized with the Yoast SEO plugin v25.8 - https:\/\/yoast.com\/wordpress\/plugins\/seo\/ -->\n<title>THE VAN CLEEF &amp; ARPELS COLLECTION - TOME 1 (English Version) - Osprey Paris<\/title>\n<meta name=\"description\" content=\"livre-the-van-cleef-&amp;-arpels-collection-tome-1-english-version-bijou-osprey-paris-vancleef&amp;arpels\" \/>\n<meta name=\"robots\" content=\"index, follow, max-snippet:-1, max-image-preview:large, max-video-preview:-1\" \/>\n<link rel=\"canonical\" href=\"https:\/\/www.osprey.fr\/en\/produit\/the-van-cleef-arpels-collection-tome-1-english-version\/\" \/>\n<meta property=\"og:locale\" content=\"en_GB\" \/>\n<meta property=\"og:type\" content=\"article\" \/>\n<meta property=\"og:title\" content=\"THE VAN CLEEF &amp; ARPELS COLLECTION - TOME 1 (English Version) - Osprey Paris\" \/>\n<meta property=\"og:description\" content=\"livre-the-van-cleef-&amp;-arpels-collection-tome-1-english-version-bijou-osprey-paris-vancleef&amp;arpels\" \/>\n<meta property=\"og:url\" content=\"https:\/\/www.osprey.fr\/en\/produit\/the-van-cleef-arpels-collection-tome-1-english-version\/\" \/>\n<meta property=\"og:site_name\" content=\"Osprey Paris\" \/>\n<meta property=\"og:image\" content=\"https:\/\/www.osprey.fr\/wp-content\/uploads\/2025\/12\/Capture-decran-2025-12-29-145836.png\" \/>\n\t<meta property=\"og:image:width\" content=\"709\" \/>\n\t<meta property=\"og:image:height\" content=\"869\" \/>\n\t<meta property=\"og:image:type\" content=\"image\/png\" \/>\n<meta name=\"twitter:card\" content=\"summary_large_image\" \/>\n<meta name=\"twitter:label1\" content=\"Estimated reading time\" \/>\n\t<meta name=\"twitter:data1\" content=\"1 minute\" \/>\n<script type=\"application\/ld+json\" class=\"yoast-schema-graph\">{\"@context\":\"https:\/\/schema.org\",\"@graph\":[{\"@type\":\"WebPage\",\"@id\":\"https:\/\/www.osprey.fr\/en\/produit\/the-van-cleef-arpels-collection-tome-1-english-version\/\",\"url\":\"https:\/\/www.osprey.fr\/en\/produit\/the-van-cleef-arpels-collection-tome-1-english-version\/\",\"name\":\"THE VAN CLEEF &amp; ARPELS COLLECTION - TOME 1 (English Version) - Osprey Paris\",\"isPartOf\":{\"@id\":\"https:\/\/www.osprey.fr\/en\/#website\"},\"primaryImageOfPage\":{\"@id\":\"https:\/\/www.osprey.fr\/en\/produit\/the-van-cleef-arpels-collection-tome-1-english-version\/#primaryimage\"},\"image\":{\"@id\":\"https:\/\/www.osprey.fr\/en\/produit\/the-van-cleef-arpels-collection-tome-1-english-version\/#primaryimage\"},\"thumbnailUrl\":\"https:\/\/www.osprey.fr\/wp-content\/uploads\/2025\/12\/Capture-decran-2025-12-29-145836.png\",\"datePublished\":\"2025-12-29T14:12:26+00:00\",\"dateModified\":\"2025-12-29T15:25:47+00:00\",\"description\":\"livre-the-van-cleef-&-arpels-collection-tome-1-english-version-bijou-osprey-paris-vancleef&arpels\",\"breadcrumb\":{\"@id\":\"https:\/\/www.osprey.fr\/en\/produit\/the-van-cleef-arpels-collection-tome-1-english-version\/#breadcrumb\"},\"inLanguage\":\"en-GB\",\"potentialAction\":[{\"@type\":\"ReadAction\",\"target\":[\"https:\/\/www.osprey.fr\/en\/produit\/the-van-cleef-arpels-collection-tome-1-english-version\/\"]}]},{\"@type\":\"ImageObject\",\"inLanguage\":\"en-GB\",\"@id\":\"https:\/\/www.osprey.fr\/en\/produit\/the-van-cleef-arpels-collection-tome-1-english-version\/#primaryimage\",\"url\":\"https:\/\/www.osprey.fr\/wp-content\/uploads\/2025\/12\/Capture-decran-2025-12-29-145836.png\",\"contentUrl\":\"https:\/\/www.osprey.fr\/wp-content\/uploads\/2025\/12\/Capture-decran-2025-12-29-145836.png\",\"width\":709,\"height\":869,\"caption\":\"THE VAN CLEEF & ARPELS COLLECTION - TOME 1 english version\"},{\"@type\":\"BreadcrumbList\",\"@id\":\"https:\/\/www.osprey.fr\/en\/produit\/the-van-cleef-arpels-collection-tome-1-english-version\/#breadcrumb\",\"itemListElement\":[{\"@type\":\"ListItem\",\"position\":1,\"name\":\"Accueil\",\"item\":\"https:\/\/www.osprey.fr\/en\/\"},{\"@type\":\"ListItem\",\"position\":2,\"name\":\"Shop\",\"item\":\"https:\/\/www.osprey.fr\/en\/shop\/\"},{\"@type\":\"ListItem\",\"position\":3,\"name\":\"THE VAN CLEEF &amp; ARPELS COLLECTION &#8211; TOME 1 (English Version)\"}]},{\"@type\":\"WebSite\",\"@id\":\"https:\/\/www.osprey.fr\/en\/#website\",\"url\":\"https:\/\/www.osprey.fr\/en\/\",\"name\":\"Osprey Paris\",\"description\":\"\",\"publisher\":{\"@id\":\"https:\/\/www.osprey.fr\/en\/#organization\"},\"potentialAction\":[{\"@type\":\"SearchAction\",\"target\":{\"@type\":\"EntryPoint\",\"urlTemplate\":\"https:\/\/www.osprey.fr\/en\/?s={search_term_string}\"},\"query-input\":{\"@type\":\"PropertyValueSpecification\",\"valueRequired\":true,\"valueName\":\"search_term_string\"}}],\"inLanguage\":\"en-GB\"},{\"@type\":\"Organization\",\"@id\":\"https:\/\/www.osprey.fr\/en\/#organization\",\"name\":\"Osprey Paris\",\"url\":\"https:\/\/www.osprey.fr\/en\/\",\"logo\":{\"@type\":\"ImageObject\",\"inLanguage\":\"en-GB\",\"@id\":\"https:\/\/www.osprey.fr\/en\/#\/schema\/logo\/image\/\",\"url\":\"https:\/\/www.osprey.fr\/wp-content\/uploads\/2021\/04\/logo.jpg\",\"contentUrl\":\"https:\/\/www.osprey.fr\/wp-content\/uploads\/2021\/04\/logo.jpg\",\"width\":254,\"height\":124,\"caption\":\"Osprey Paris\"},\"image\":{\"@id\":\"https:\/\/www.osprey.fr\/en\/#\/schema\/logo\/image\/\"}}]}<\/script>\n<!-- \/ Yoast SEO plugin. -->","yoast_head_json":{"title":"THE VAN CLEEF &amp; ARPELS COLLECTION - TOME 1 (English Version) - Osprey Paris","description":"livre-the-van-cleef-&-arpels-collection-tome-1-english-version-bijou-osprey-paris-vancleef&arpels","robots":{"index":"index","follow":"follow","max-snippet":"max-snippet:-1","max-image-preview":"max-image-preview:large","max-video-preview":"max-video-preview:-1"},"canonical":"https:\/\/www.osprey.fr\/en\/produit\/the-van-cleef-arpels-collection-tome-1-english-version\/","og_locale":"en_GB","og_type":"article","og_title":"THE VAN CLEEF &amp; ARPELS COLLECTION - TOME 1 (English Version) - Osprey Paris","og_description":"livre-the-van-cleef-&-arpels-collection-tome-1-english-version-bijou-osprey-paris-vancleef&arpels","og_url":"https:\/\/www.osprey.fr\/en\/produit\/the-van-cleef-arpels-collection-tome-1-english-version\/","og_site_name":"Osprey Paris","og_image":[{"width":709,"height":869,"url":"https:\/\/www.osprey.fr\/wp-content\/uploads\/2025\/12\/Capture-decran-2025-12-29-145836.png","type":"image\/png"}],"twitter_card":"summary_large_image","twitter_misc":{"Estimated reading time":"1 minute"},"schema":{"@context":"https:\/\/schema.org","@graph":[{"@type":"WebPage","@id":"https:\/\/www.osprey.fr\/en\/produit\/the-van-cleef-arpels-collection-tome-1-english-version\/","url":"https:\/\/www.osprey.fr\/en\/produit\/the-van-cleef-arpels-collection-tome-1-english-version\/","name":"THE VAN CLEEF &amp; ARPELS COLLECTION - TOME 1 (English Version) - Osprey Paris","isPartOf":{"@id":"https:\/\/www.osprey.fr\/en\/#website"},"primaryImageOfPage":{"@id":"https:\/\/www.osprey.fr\/en\/produit\/the-van-cleef-arpels-collection-tome-1-english-version\/#primaryimage"},"image":{"@id":"https:\/\/www.osprey.fr\/en\/produit\/the-van-cleef-arpels-collection-tome-1-english-version\/#primaryimage"},"thumbnailUrl":"https:\/\/www.osprey.fr\/wp-content\/uploads\/2025\/12\/Capture-decran-2025-12-29-145836.png","datePublished":"2025-12-29T14:12:26+00:00","dateModified":"2025-12-29T15:25:47+00:00","description":"livre-the-van-cleef-&-arpels-collection-tome-1-english-version-bijou-osprey-paris-vancleef&arpels","breadcrumb":{"@id":"https:\/\/www.osprey.fr\/en\/produit\/the-van-cleef-arpels-collection-tome-1-english-version\/#breadcrumb"},"inLanguage":"en-GB","potentialAction":[{"@type":"ReadAction","target":["https:\/\/www.osprey.fr\/en\/produit\/the-van-cleef-arpels-collection-tome-1-english-version\/"]}]},{"@type":"ImageObject","inLanguage":"en-GB","@id":"https:\/\/www.osprey.fr\/en\/produit\/the-van-cleef-arpels-collection-tome-1-english-version\/#primaryimage","url":"https:\/\/www.osprey.fr\/wp-content\/uploads\/2025\/12\/Capture-decran-2025-12-29-145836.png","contentUrl":"https:\/\/www.osprey.fr\/wp-content\/uploads\/2025\/12\/Capture-decran-2025-12-29-145836.png","width":709,"height":869,"caption":"THE VAN CLEEF & ARPELS COLLECTION - TOME 1 english version"},{"@type":"BreadcrumbList","@id":"https:\/\/www.osprey.fr\/en\/produit\/the-van-cleef-arpels-collection-tome-1-english-version\/#breadcrumb","itemListElement":[{"@type":"ListItem","position":1,"name":"Accueil","item":"https:\/\/www.osprey.fr\/en\/"},{"@type":"ListItem","position":2,"name":"Shop","item":"https:\/\/www.osprey.fr\/en\/shop\/"},{"@type":"ListItem","position":3,"name":"THE VAN CLEEF &amp; ARPELS COLLECTION &#8211; TOME 1 (English Version)"}]},{"@type":"WebSite","@id":"https:\/\/www.osprey.fr\/en\/#website","url":"https:\/\/www.osprey.fr\/en\/","name":"Osprey Paris","description":"","publisher":{"@id":"https:\/\/www.osprey.fr\/en\/#organization"},"potentialAction":[{"@type":"SearchAction","target":{"@type":"EntryPoint","urlTemplate":"https:\/\/www.osprey.fr\/en\/?s={search_term_string}"},"query-input":{"@type":"PropertyValueSpecification","valueRequired":true,"valueName":"search_term_string"}}],"inLanguage":"en-GB"},{"@type":"Organization","@id":"https:\/\/www.osprey.fr\/en\/#organization","name":"Osprey Paris","url":"https:\/\/www.osprey.fr\/en\/","logo":{"@type":"ImageObject","inLanguage":"en-GB","@id":"https:\/\/www.osprey.fr\/en\/#\/schema\/logo\/image\/","url":"https:\/\/www.osprey.fr\/wp-content\/uploads\/2021\/04\/logo.jpg","contentUrl":"https:\/\/www.osprey.fr\/wp-content\/uploads\/2021\/04\/logo.jpg","width":254,"height":124,"caption":"Osprey Paris"},"image":{"@id":"https:\/\/www.osprey.fr\/en\/#\/schema\/logo\/image\/"}}]}},"_links":{"self":[{"href":"https:\/\/www.osprey.fr\/en\/wp-json\/wp\/v2\/product\/21943","targetHints":{"allow":["GET"]}}],"collection":[{"href":"https:\/\/www.osprey.fr\/en\/wp-json\/wp\/v2\/product"}],"about":[{"href":"https:\/\/www.osprey.fr\/en\/wp-json\/wp\/v2\/types\/product"}],"version-history":[{"count":0,"href":"https:\/\/www.osprey.fr\/en\/wp-json\/wp\/v2\/product\/21943\/revisions"}],"wp:featuredmedia":[{"embeddable":true,"href":"https:\/\/www.osprey.fr\/en\/wp-json\/wp\/v2\/media\/21940"}],"wp:attachment":[{"href":"https:\/\/www.osprey.fr\/en\/wp-json\/wp\/v2\/media?parent=21943"}],"wp:term":[{"taxonomy":"product_brand","embeddable":true,"href":"https:\/\/www.osprey.fr\/en\/wp-json\/wp\/v2\/product_brand?post=21943"},{"taxonomy":"product_cat","embeddable":true,"href":"https:\/\/www.osprey.fr\/en\/wp-json\/wp\/v2\/product_cat?post=21943"},{"taxonomy":"product_tag","embeddable":true,"href":"https:\/\/www.osprey.fr\/en\/wp-json\/wp\/v2\/product_tag?post=21943"}],"curies":[{"name":"wp","href":"https:\/\/api.w.org\/{rel}","templated":true}]}}