{"id":14066,"date":"2022-05-15T00:45:55","date_gmt":"2022-05-14T22:45:55","guid":{"rendered":"https:\/\/www.osprey.fr\/engagement-rings\/"},"modified":"2022-05-15T00:45:55","modified_gmt":"2022-05-14T22:45:55","slug":"engagement-rings","status":"publish","type":"page","link":"https:\/\/www.osprey.fr\/en\/engagement-rings\/","title":{"rendered":"Engagement Rings"},"content":{"rendered":"<p><img loading=\"lazy\" decoding=\"async\" class=\"alignnone wp-image-8786\" src=\"https:\/\/www.osprey.fr\/wp-content\/uploads\/2021\/06\/image1-290x300.jpg\" alt=\"\" width=\"171\" height=\"177\" srcset=\"https:\/\/www.osprey.fr\/wp-content\/uploads\/2021\/06\/image1-290x300.jpg 290w, https:\/\/www.osprey.fr\/wp-content\/uploads\/2021\/06\/image1-300x310.jpg 300w, https:\/\/www.osprey.fr\/wp-content\/uploads\/2021\/06\/image1-600x620.jpg 600w, https:\/\/www.osprey.fr\/wp-content\/uploads\/2021\/06\/image1-991x1024.jpg 991w, https:\/\/www.osprey.fr\/wp-content\/uploads\/2021\/06\/image1-768x793.jpg 768w, https:\/\/www.osprey.fr\/wp-content\/uploads\/2021\/06\/image1-1487x1536.jpg 1487w, https:\/\/www.osprey.fr\/wp-content\/uploads\/2021\/06\/image1-1983x2048.jpg 1983w\" sizes=\"auto, (max-width: 171px) 100vw, 171px\" \/><img loading=\"lazy\" decoding=\"async\" class=\"alignnone wp-image-8774\" src=\"https:\/\/www.osprey.fr\/wp-content\/uploads\/2021\/06\/image2-300x100.jpg\" alt=\"\" width=\"456\" height=\"152\" srcset=\"https:\/\/www.osprey.fr\/wp-content\/uploads\/2021\/06\/image2-300x100.jpg 300w, https:\/\/www.osprey.fr\/wp-content\/uploads\/2021\/06\/image2-600x200.jpg 600w, https:\/\/www.osprey.fr\/wp-content\/uploads\/2021\/06\/image2.jpg 720w\" sizes=\"auto, (max-width: 456px) 100vw, 456px\" \/>  <img loading=\"lazy\" decoding=\"async\" class=\"alignnone wp-image-8778\" src=\"https:\/\/www.osprey.fr\/wp-content\/uploads\/2021\/06\/image4-300x200.jpg\" alt=\"\" width=\"235\" height=\"156\" srcset=\"https:\/\/www.osprey.fr\/wp-content\/uploads\/2021\/06\/image4-300x200.jpg 300w, https:\/\/www.osprey.fr\/wp-content\/uploads\/2021\/06\/image4.jpg 360w\" sizes=\"auto, (max-width: 235px) 100vw, 235px\" \/> <img loading=\"lazy\" decoding=\"async\" class=\"alignnone wp-image-8776\" src=\"https:\/\/www.osprey.fr\/wp-content\/uploads\/2021\/06\/image3-300x200.jpg\" alt=\"\" width=\"235\" height=\"157\" srcset=\"https:\/\/www.osprey.fr\/wp-content\/uploads\/2021\/06\/image3-300x200.jpg 300w, https:\/\/www.osprey.fr\/wp-content\/uploads\/2021\/06\/image3.jpg 360w\" sizes=\"auto, (max-width: 235px) 100vw, 235px\" \/><\/p>\n<p>There&#8217;s a huge selection of engagement rings on the internet, and it&#8217;s tempting to choose from. But, in our opinion, the most important thing is not the ring, but what is behind it. You need people with extensive jewellery experience who know how to help you navigate the complicated path between price, style, stone quality, size, and fit for your life together. There are rings that look dazzling on the screen, but the ring that will be delivered to you will not necessarily have diamonds of a quality comparable to that of the photo. And some rings are not at all suitable to be worn for years. You can spend hours learning all about the four C&#8217;s of a diamond, but without seeing rings, is that enough to choose the ring of your life? Probably not.<\/p>\n<p>&nbsp;<\/p>\n<p>Melinda and Mike each have forty years of jewellery experience. We know the ropes. And we&#8217;ve seen countless engaged couples, who we say, their eyes shine brighter than our diamonds. We have a large stock of diamonds and rings to show you and we know how to advise you to find the ring of your dreams. And if we can&#8217;t find your ring in our stock, we can help you choose unmounted diamonds and then design and make your ring for you. Note that a made-to-order ring does not necessarily cost more than a ring already made, and this choice will allow you to choose or have a wedding ring made to suit the shape of your ring at the same time.<\/p>\n<p>Make an appointment with us, without obligation, and we show you why the Osprey choice is the winning choice.<\/p>\n<p>&nbsp;<\/p>\n<p style=\"text-align: center;\"><a class=\"qodef-m qodef-button qodef-layout--filled qodef-html--link\" href=\"\/contact\/\" target=\"_self\" rel=\"noopener\"><span class=\"qodef-m-text\">Make an appointment<\/span><\/a><\/p>\n<p>&nbsp;<\/p>\n\n\t\t<style type=\"text\/css\">\n\t\t\t#gallery-1 {\n\t\t\t\tmargin: auto;\n\t\t\t}\n\t\t\t#gallery-1 .gallery-item {\n\t\t\t\tfloat: left;\n\t\t\t\tmargin-top: 10px;\n\t\t\t\ttext-align: center;\n\t\t\t\twidth: 33%;\n\t\t\t}\n\t\t\t#gallery-1 img {\n\t\t\t\tborder: 2px solid #cfcfcf;\n\t\t\t}\n\t\t\t#gallery-1 .gallery-caption {\n\t\t\t\tmargin-left: 0;\n\t\t\t}\n\t\t\t\/* see gallery_shortcode() in wp-includes\/media.php *\/\n\t\t<\/style>\n\t\t<div id='gallery-1' class='gallery galleryid-14066 gallery-columns-3 gallery-size-medium'><dl class='gallery-item'>\n\t\t\t<dt class='gallery-icon portrait'>\n\t\t\t\t<a href='https:\/\/www.osprey.fr\/en\/img_0407-22-2\/'><img loading=\"lazy\" decoding=\"async\" width=\"213\" height=\"300\" src=\"https:\/\/www.osprey.fr\/wp-content\/uploads\/2021\/09\/IMG_0407-22-213x300.jpg\" class=\"attachment-medium size-medium\" alt=\"\" aria-describedby=\"gallery-1-8978\" srcset=\"https:\/\/www.osprey.fr\/wp-content\/uploads\/2021\/09\/IMG_0407-22-213x300.jpg 213w, https:\/\/www.osprey.fr\/wp-content\/uploads\/2021\/09\/IMG_0407-22-300x423.jpg 300w, https:\/\/www.osprey.fr\/wp-content\/uploads\/2021\/09\/IMG_0407-22.jpg 600w\" sizes=\"auto, (max-width: 213px) 100vw, 213px\" \/><\/a>\n\t\t\t<\/dt>\n\t\t\t\t<dd class='wp-caption-text gallery-caption' id='gallery-1-8978'>\n\t\t\t\tMelinda, Experte gemmologue Experte bijoutier depuis 1987\n\t\t\t\t<\/dd><\/dl><dl class='gallery-item'>\n\t\t\t<dt class='gallery-icon landscape'>\n\t\t\t\t<a href='https:\/\/www.osprey.fr\/en\/about-us\/aaa-les-bijoux-des-francais-3-2\/'><img loading=\"lazy\" decoding=\"async\" width=\"300\" height=\"179\" src=\"https:\/\/www.osprey.fr\/wp-content\/uploads\/2021\/09\/aaa-Les-bijoux-des-Francais-3-300x179.jpg\" class=\"attachment-medium size-medium\" alt=\"\" aria-describedby=\"gallery-1-8848\" srcset=\"https:\/\/www.osprey.fr\/wp-content\/uploads\/2021\/09\/aaa-Les-bijoux-des-Francais-3-300x179.jpg 300w, https:\/\/www.osprey.fr\/wp-content\/uploads\/2021\/09\/aaa-Les-bijoux-des-Francais-3-600x357.jpg 600w, https:\/\/www.osprey.fr\/wp-content\/uploads\/2021\/09\/aaa-Les-bijoux-des-Francais-3-1024x609.jpg 1024w, https:\/\/www.osprey.fr\/wp-content\/uploads\/2021\/09\/aaa-Les-bijoux-des-Francais-3-768x457.jpg 768w, https:\/\/www.osprey.fr\/wp-content\/uploads\/2021\/09\/aaa-Les-bijoux-des-Francais-3-1536x914.jpg 1536w, https:\/\/www.osprey.fr\/wp-content\/uploads\/2021\/09\/aaa-Les-bijoux-des-Francais-3-504x300.jpg 504w, https:\/\/www.osprey.fr\/wp-content\/uploads\/2021\/09\/aaa-Les-bijoux-des-Francais-3.jpg 1600w\" sizes=\"auto, (max-width: 300px) 100vw, 300px\" \/><\/a>\n\t\t\t<\/dt>\n\t\t\t\t<dd class='wp-caption-text gallery-caption' id='gallery-1-8848'>\n\t\t\t\tLivre Les Bijoux des Fran\u00e7ais\n\t\t\t\t<\/dd><\/dl><dl class='gallery-item'>\n\t\t\t<dt class='gallery-icon portrait'>\n\t\t\t\t<a href='https:\/\/www.osprey.fr\/en\/about-us\/photo-mike-harcourt-2-2\/'><img loading=\"lazy\" decoding=\"async\" width=\"202\" height=\"300\" src=\"https:\/\/www.osprey.fr\/wp-content\/uploads\/2021\/09\/photo-Mike-Harcourt-1-202x300.jpeg\" class=\"attachment-medium size-medium\" alt=\"\" aria-describedby=\"gallery-1-8843\" srcset=\"https:\/\/www.osprey.fr\/wp-content\/uploads\/2021\/09\/photo-Mike-Harcourt-1-202x300.jpeg 202w, https:\/\/www.osprey.fr\/wp-content\/uploads\/2021\/09\/photo-Mike-Harcourt-1-300x446.jpeg 300w, https:\/\/www.osprey.fr\/wp-content\/uploads\/2021\/09\/photo-Mike-Harcourt-1-600x891.jpeg 600w, https:\/\/www.osprey.fr\/wp-content\/uploads\/2021\/09\/photo-Mike-Harcourt-1.jpeg 622w\" sizes=\"auto, (max-width: 202px) 100vw, 202px\" \/><\/a>\n\t\t\t<\/dt>\n\t\t\t\t<dd class='wp-caption-text gallery-caption' id='gallery-1-8843'>\n\t\t\t\tMike, Auteur du livre r\u00e9f\u00e9rence Les Bijoux des Fran\u00e7ais Expert, bijoutier depuis 1981\n\t\t\t\t<\/dd><\/dl><br style=\"clear: both\" \/>\n\t\t<\/div>\n\n<p>&nbsp;<\/p>\n","protected":false},"excerpt":{"rendered":"<p>There&#8217;s a huge selection of engagement rings on the internet, and it&#8217;s tempting to choose from. But, in our opinion, the most important thing is not the ring, but what is behind it. You need people with extensive jewellery experience who know how to help you navigate the complicated path between price, style, stone quality, [&hellip;]<\/p>\n","protected":false},"author":1,"featured_media":0,"parent":0,"menu_order":0,"comment_status":"closed","ping_status":"closed","template":"","meta":{"footnotes":""},"class_list":["post-14066","page","type-page","status-publish","hentry"],"yoast_head":"<!-- This site is optimized with the Yoast SEO plugin v25.8 - https:\/\/yoast.com\/wordpress\/plugins\/seo\/ -->\n<title>Engagement Rings - Osprey Paris<\/title>\n<meta name=\"robots\" content=\"index, follow, max-snippet:-1, max-image-preview:large, max-video-preview:-1\" \/>\n<link rel=\"canonical\" href=\"https:\/\/www.osprey.fr\/en\/engagement-rings\/\" \/>\n<meta property=\"og:locale\" content=\"en_GB\" \/>\n<meta property=\"og:type\" content=\"article\" \/>\n<meta property=\"og:title\" content=\"Engagement Rings - Osprey Paris\" \/>\n<meta property=\"og:description\" content=\"There&#8217;s a huge selection of engagement rings on the internet, and it&#8217;s tempting to choose from. But, in our opinion, the most important thing is not the ring, but what is behind it. You need people with extensive jewellery experience who know how to help you navigate the complicated path between price, style, stone quality, [&hellip;]\" \/>\n<meta property=\"og:url\" content=\"https:\/\/www.osprey.fr\/en\/engagement-rings\/\" \/>\n<meta property=\"og:site_name\" content=\"Osprey Paris\" \/>\n<meta property=\"og:image\" content=\"https:\/\/www.osprey.fr\/wp-content\/uploads\/2021\/09\/IMG_0407-22-213x300.jpg\" \/>\n<meta name=\"twitter:card\" content=\"summary_large_image\" \/>\n<meta name=\"twitter:label1\" content=\"Estimated reading time\" \/>\n\t<meta name=\"twitter:data1\" content=\"1 minute\" \/>\n<script type=\"application\/ld+json\" class=\"yoast-schema-graph\">{\"@context\":\"https:\/\/schema.org\",\"@graph\":[{\"@type\":\"WebPage\",\"@id\":\"https:\/\/www.osprey.fr\/en\/engagement-rings\/\",\"url\":\"https:\/\/www.osprey.fr\/en\/engagement-rings\/\",\"name\":\"Engagement Rings - Osprey Paris\",\"isPartOf\":{\"@id\":\"https:\/\/www.osprey.fr\/en\/#website\"},\"primaryImageOfPage\":{\"@id\":\"https:\/\/www.osprey.fr\/en\/engagement-rings\/#primaryimage\"},\"image\":{\"@id\":\"https:\/\/www.osprey.fr\/en\/engagement-rings\/#primaryimage\"},\"thumbnailUrl\":\"https:\/\/www.osprey.fr\/wp-content\/uploads\/2021\/06\/image1-290x300.jpg\",\"datePublished\":\"2022-05-14T22:45:55+00:00\",\"breadcrumb\":{\"@id\":\"https:\/\/www.osprey.fr\/en\/engagement-rings\/#breadcrumb\"},\"inLanguage\":\"en-GB\",\"potentialAction\":[{\"@type\":\"ReadAction\",\"target\":[\"https:\/\/www.osprey.fr\/en\/engagement-rings\/\"]}]},{\"@type\":\"ImageObject\",\"inLanguage\":\"en-GB\",\"@id\":\"https:\/\/www.osprey.fr\/en\/engagement-rings\/#primaryimage\",\"url\":\"https:\/\/www.osprey.fr\/wp-content\/uploads\/2021\/06\/image1-290x300.jpg\",\"contentUrl\":\"https:\/\/www.osprey.fr\/wp-content\/uploads\/2021\/06\/image1-290x300.jpg\"},{\"@type\":\"BreadcrumbList\",\"@id\":\"https:\/\/www.osprey.fr\/en\/engagement-rings\/#breadcrumb\",\"itemListElement\":[{\"@type\":\"ListItem\",\"position\":1,\"name\":\"Accueil\",\"item\":\"https:\/\/www.osprey.fr\/en\/\"},{\"@type\":\"ListItem\",\"position\":2,\"name\":\"Engagement Rings\"}]},{\"@type\":\"WebSite\",\"@id\":\"https:\/\/www.osprey.fr\/en\/#website\",\"url\":\"https:\/\/www.osprey.fr\/en\/\",\"name\":\"Osprey Paris\",\"description\":\"\",\"publisher\":{\"@id\":\"https:\/\/www.osprey.fr\/en\/#organization\"},\"potentialAction\":[{\"@type\":\"SearchAction\",\"target\":{\"@type\":\"EntryPoint\",\"urlTemplate\":\"https:\/\/www.osprey.fr\/en\/?s={search_term_string}\"},\"query-input\":{\"@type\":\"PropertyValueSpecification\",\"valueRequired\":true,\"valueName\":\"search_term_string\"}}],\"inLanguage\":\"en-GB\"},{\"@type\":\"Organization\",\"@id\":\"https:\/\/www.osprey.fr\/en\/#organization\",\"name\":\"Osprey Paris\",\"url\":\"https:\/\/www.osprey.fr\/en\/\",\"logo\":{\"@type\":\"ImageObject\",\"inLanguage\":\"en-GB\",\"@id\":\"https:\/\/www.osprey.fr\/en\/#\/schema\/logo\/image\/\",\"url\":\"https:\/\/www.osprey.fr\/wp-content\/uploads\/2021\/04\/logo.jpg\",\"contentUrl\":\"https:\/\/www.osprey.fr\/wp-content\/uploads\/2021\/04\/logo.jpg\",\"width\":254,\"height\":124,\"caption\":\"Osprey Paris\"},\"image\":{\"@id\":\"https:\/\/www.osprey.fr\/en\/#\/schema\/logo\/image\/\"}}]}<\/script>\n<!-- \/ Yoast SEO plugin. -->","yoast_head_json":{"title":"Engagement Rings - Osprey Paris","robots":{"index":"index","follow":"follow","max-snippet":"max-snippet:-1","max-image-preview":"max-image-preview:large","max-video-preview":"max-video-preview:-1"},"canonical":"https:\/\/www.osprey.fr\/en\/engagement-rings\/","og_locale":"en_GB","og_type":"article","og_title":"Engagement Rings - Osprey Paris","og_description":"There&#8217;s a huge selection of engagement rings on the internet, and it&#8217;s tempting to choose from. But, in our opinion, the most important thing is not the ring, but what is behind it. You need people with extensive jewellery experience who know how to help you navigate the complicated path between price, style, stone quality, [&hellip;]","og_url":"https:\/\/www.osprey.fr\/en\/engagement-rings\/","og_site_name":"Osprey Paris","og_image":[{"url":"https:\/\/www.osprey.fr\/wp-content\/uploads\/2021\/09\/IMG_0407-22-213x300.jpg","type":"","width":"","height":""}],"twitter_card":"summary_large_image","twitter_misc":{"Estimated reading time":"1 minute"},"schema":{"@context":"https:\/\/schema.org","@graph":[{"@type":"WebPage","@id":"https:\/\/www.osprey.fr\/en\/engagement-rings\/","url":"https:\/\/www.osprey.fr\/en\/engagement-rings\/","name":"Engagement Rings - Osprey Paris","isPartOf":{"@id":"https:\/\/www.osprey.fr\/en\/#website"},"primaryImageOfPage":{"@id":"https:\/\/www.osprey.fr\/en\/engagement-rings\/#primaryimage"},"image":{"@id":"https:\/\/www.osprey.fr\/en\/engagement-rings\/#primaryimage"},"thumbnailUrl":"https:\/\/www.osprey.fr\/wp-content\/uploads\/2021\/06\/image1-290x300.jpg","datePublished":"2022-05-14T22:45:55+00:00","breadcrumb":{"@id":"https:\/\/www.osprey.fr\/en\/engagement-rings\/#breadcrumb"},"inLanguage":"en-GB","potentialAction":[{"@type":"ReadAction","target":["https:\/\/www.osprey.fr\/en\/engagement-rings\/"]}]},{"@type":"ImageObject","inLanguage":"en-GB","@id":"https:\/\/www.osprey.fr\/en\/engagement-rings\/#primaryimage","url":"https:\/\/www.osprey.fr\/wp-content\/uploads\/2021\/06\/image1-290x300.jpg","contentUrl":"https:\/\/www.osprey.fr\/wp-content\/uploads\/2021\/06\/image1-290x300.jpg"},{"@type":"BreadcrumbList","@id":"https:\/\/www.osprey.fr\/en\/engagement-rings\/#breadcrumb","itemListElement":[{"@type":"ListItem","position":1,"name":"Accueil","item":"https:\/\/www.osprey.fr\/en\/"},{"@type":"ListItem","position":2,"name":"Engagement Rings"}]},{"@type":"WebSite","@id":"https:\/\/www.osprey.fr\/en\/#website","url":"https:\/\/www.osprey.fr\/en\/","name":"Osprey Paris","description":"","publisher":{"@id":"https:\/\/www.osprey.fr\/en\/#organization"},"potentialAction":[{"@type":"SearchAction","target":{"@type":"EntryPoint","urlTemplate":"https:\/\/www.osprey.fr\/en\/?s={search_term_string}"},"query-input":{"@type":"PropertyValueSpecification","valueRequired":true,"valueName":"search_term_string"}}],"inLanguage":"en-GB"},{"@type":"Organization","@id":"https:\/\/www.osprey.fr\/en\/#organization","name":"Osprey Paris","url":"https:\/\/www.osprey.fr\/en\/","logo":{"@type":"ImageObject","inLanguage":"en-GB","@id":"https:\/\/www.osprey.fr\/en\/#\/schema\/logo\/image\/","url":"https:\/\/www.osprey.fr\/wp-content\/uploads\/2021\/04\/logo.jpg","contentUrl":"https:\/\/www.osprey.fr\/wp-content\/uploads\/2021\/04\/logo.jpg","width":254,"height":124,"caption":"Osprey Paris"},"image":{"@id":"https:\/\/www.osprey.fr\/en\/#\/schema\/logo\/image\/"}}]}},"_links":{"self":[{"href":"https:\/\/www.osprey.fr\/en\/wp-json\/wp\/v2\/pages\/14066","targetHints":{"allow":["GET"]}}],"collection":[{"href":"https:\/\/www.osprey.fr\/en\/wp-json\/wp\/v2\/pages"}],"about":[{"href":"https:\/\/www.osprey.fr\/en\/wp-json\/wp\/v2\/types\/page"}],"author":[{"embeddable":true,"href":"https:\/\/www.osprey.fr\/en\/wp-json\/wp\/v2\/users\/1"}],"replies":[{"embeddable":true,"href":"https:\/\/www.osprey.fr\/en\/wp-json\/wp\/v2\/comments?post=14066"}],"version-history":[{"count":0,"href":"https:\/\/www.osprey.fr\/en\/wp-json\/wp\/v2\/pages\/14066\/revisions"}],"wp:attachment":[{"href":"https:\/\/www.osprey.fr\/en\/wp-json\/wp\/v2\/media?parent=14066"}],"curies":[{"name":"wp","href":"https:\/\/api.w.org\/{rel}","templated":true}]}}